{"id":5786,"date":"2025-01-10T15:14:14","date_gmt":"2025-01-10T13:14:14","guid":{"rendered":"https:\/\/www.ot-control.com\/offertforfragan\/"},"modified":"2026-01-20T09:51:09","modified_gmt":"2026-01-20T07:51:09","slug":"offertforfragan","status":"publish","type":"page","link":"https:\/\/www.ot-control.com\/sv\/offertforfragan\/","title":{"rendered":"Offertf\u00f6rfr\u00e5gan"},"content":{"rendered":"\n\n\t<section class=\"section\" id=\"section_957657627\">\n\t\t<div class=\"section-bg fill\" >\n\t\t\t\t\t\t\t\t\t\n\t\t\t\n\n\t\t<\/div>\n\n\t\t\n\n\t\t<div class=\"section-content relative\">\n\t\t\t\n\n<div class=\"row\"  id=\"row-790404444\">\n\n\n\t<div id=\"col-1412887056\" class=\"col small-12 large-12\"  >\n\t\t\t\t<div class=\"col-inner\"  >\n\t\t\t\n\t\t\t\n\n<h1>Ota yhteytt\u00e4 ja pyyd\u00e4 tarjous!<\/h1>\n<p>OT-Control &#8211; luotettava kumppani puuteollisuuden automatisointeihin. J\u00e4t\u00e4 ainakin numerosi, niin soitamme ja kerromme, kuinka tehostat tuotantoasi \u00e4lykk\u00e4ill\u00e4 ratkaisuillamme.<\/p>\n\t<div id=\"gap-2099908134\" class=\"gap-element clearfix\" style=\"display:block; height:auto;\">\n\t\t\n<style>\n#gap-2099908134 {\n  padding-top: 30px;\n}\n<\/style>\n\t<\/div>\n\t\n\n\n\n<div class='fluentform ff-default fluentform_wrapper_25 ffs_default_wrap'><form data-form_id=\"25\" id=\"fluentform_25\" class=\"frm-fluent-form fluent_form_25 ff-el-form-top ff_form_instance_25_1 ff-form-loading ffs_default\" data-form_instance=\"ff_form_instance_25_1\" method=\"POST\" ><fieldset  style=\"border: none!important;margin: 0!important;padding: 0!important;background-color: transparent!important;box-shadow: none!important;outline: none!important; min-inline-size: 100%;\">\n                    <legend class=\"ff_screen_reader_title\" style=\"display: block; margin: 0!important;padding: 0!important;height: 0!important;text-indent: -999999px;width: 0!important;overflow:hidden;\">Offertf\u00f6rfr\u00e5gan<\/legend><input type='hidden' name='__fluent_form_embded_post_id' value='5786' \/><input type=\"hidden\" id=\"_fluentform_25_fluentformnonce\" name=\"_fluentform_25_fluentformnonce\" value=\"d712206299\" \/><input type=\"hidden\" name=\"_wp_http_referer\" value=\"\/sv\/wp-json\/wp\/v2\/pages\/5786\" \/><div data-name=\"ff_cn_id_1\"  class='ff-t-container ff-column-container ff_columns_total_2 '><div class='ff-t-cell ff-t-column-1' style='flex-basis: 50%;'><div class='ff-el-group'><div class=\"ff-el-input--label asterisk-right\"><label for='ff_25_input_text' id='label_ff_25_input_text' aria-label=\"F\u00f6rnamn\">F\u00f6rnamn<\/label><\/div><div class='ff-el-input--content'><input type=\"text\" name=\"input_text\" class=\"ff-el-form-control\" data-name=\"input_text\" id=\"ff_25_input_text\"  aria-invalid=\"false\" aria-required=false><\/div><\/div><\/div><div class='ff-t-cell ff-t-column-2' style='flex-basis: 50%;'><div class='ff-el-group'><div class=\"ff-el-input--label asterisk-right\"><label for='ff_25_input_text_1' id='label_ff_25_input_text_1' aria-label=\"Efternamn\">Efternamn<\/label><\/div><div class='ff-el-input--content'><input type=\"text\" name=\"input_text_1\" class=\"ff-el-form-control\" data-name=\"input_text_1\" id=\"ff_25_input_text_1\"  aria-invalid=\"false\" aria-required=false><\/div><\/div><\/div><\/div><div data-name=\"ff_cn_id_2\"  class='ff-t-container ff-column-container ff_columns_total_2 '><div class='ff-t-cell ff-t-column-1' style='flex-basis: 50%;'><div class='ff-el-group'><div class=\"ff-el-input--label ff-el-is-required asterisk-right\"><label for='ff_25_email' id='label_ff_25_email' aria-label=\"E-post\">E-post<\/label><\/div><div class='ff-el-input--content'><input type=\"email\" name=\"email\" id=\"ff_25_email\" class=\"ff-el-form-control\" data-name=\"email\"  aria-invalid=\"false\" aria-required=true><\/div><\/div><\/div><div class='ff-t-cell ff-t-column-2' style='flex-basis: 50%;'><div class='ff-el-group'><div class=\"ff-el-input--label ff-el-is-required asterisk-right\"><label for='ff_25_input_text_2' id='label_ff_25_input_text_2' aria-label=\"Telefonnummer\">Telefonnummer<\/label><\/div><div class='ff-el-input--content'><input type=\"text\" name=\"input_text_2\" class=\"ff-el-form-control\" data-name=\"input_text_2\" id=\"ff_25_input_text_2\"  aria-invalid=\"false\" aria-required=true><\/div><\/div><\/div><\/div><div class='ff-el-group'><div class=\"ff-el-input--label asterisk-right\"><label for='ff_25_input_text_3' id='label_ff_25_input_text_3' aria-label=\"Vilken bransch representerar ditt f\u00f6retag?\">Vilken bransch representerar ditt f\u00f6retag?<\/label><\/div><div class='ff-el-input--content'><input type=\"text\" name=\"input_text_3\" class=\"ff-el-form-control\" data-name=\"input_text_3\" id=\"ff_25_input_text_3\"  aria-invalid=\"false\" aria-required=false><\/div><\/div><div class='ff-el-group'><div class=\"ff-el-input--label asterisk-right\"><label for='ff_25_multi_select' id='label_ff_25_multi_select' aria-label=\"Vilket \u00e4mne skulle du vilja ha ett offer p\u00e5?\">Vilket \u00e4mne skulle du vilja ha ett offer p\u00e5?<\/label><\/div><div class='ff-el-input--content'><select name=\"multi_select[]\" id=\"ff_25_multi_select\" class=\"ff-el-form-control  ff_has_multi_select\" multiple=\"1\" data-name=\"multi_select\" data-calc_value=\"0\"  aria-invalid=\"false\" aria-required=\"false\" aria-labelledby=\"label_ff_25_multi_select\"><option value=\"Automatisering\"  >Automatisering<\/option><option value=\"Behovsbed\u00f6mning\"  >Behovsbed\u00f6mning<\/option><option value=\"Introduktion\"  >Introduktion<\/option><option value=\"Anv\u00e4ndarutbildning och dokumentation\"  >Anv\u00e4ndarutbildning och dokumentation<\/option><option value=\"Uppdateringar och moderniseringar\"  >Uppdateringar och moderniseringar<\/option><option value=\"Fj\u00e4rrkontroll\"  >Fj\u00e4rrkontroll<\/option><option value=\"Design\"  >Design<\/option><option value=\"Konsultverksamhet\"  >Konsultverksamhet<\/option><option value=\"Optimering\"  >Optimering<\/option><\/select><\/div><\/div><div class='ff-el-group'><div class=\"ff-el-input--label asterisk-right\"><label for='ff_25_file-upload_1' id='label_ff_25_file-upload_1' aria-label=\"Bifogad fil\">Bifogad fil<\/label><\/div><div class='ff-el-input--content'><label for='ff_25_file-upload_1' class='ff_file_upload_holder'><span class='ff_upload_btn ff-btn' tabindex='0'>V\u00e4lja fil<\/span> <input type=\"file\" name=\"file-upload\" id=\"ff_25_file-upload_1\" class=\"ff-el-form-control  ff-screen-reader-element\" data-name=\"file-upload\" multiple=\"1\"  aria-invalid='false' aria-required=false><\/label><\/div><\/div><div class='ff-el-group'><div class=\"ff-el-input--label ff-el-is-required asterisk-right\"><label for='ff_25_description' id='label_ff_25_description' aria-label=\"Beskriv ditt behov och vad du vill ha en offert fr\u00e5n oss p\u00e5.\">Beskriv ditt behov och vad du vill ha en offert fr\u00e5n oss p\u00e5.<\/label><\/div><div class='ff-el-input--content'><textarea aria-required=\"true\" aria-labelledby=\"label_ff_25_description\" name=\"description\" id=\"ff_25_description\" class=\"ff-el-form-control\" rows=\"3\" cols=\"2\" data-name=\"description\" ><\/textarea><\/div><\/div><div class='ff-el-group ff-text-left ff_submit_btn_wrapper'><button type=\"submit\" class=\"ff-btn ff-btn-submit ff-btn-md ff_btn_style wpf_has_custom_css\"  aria-label=\"Skicka\">Skicka<\/button><\/div><\/fieldset><\/form><div id='fluentform_25_errors' class='ff-errors-in-stack ff_form_instance_25_1 ff-form-loading_errors ff_form_instance_25_1_errors'><\/div><\/div>            <script type=\"text\/javascript\">\n                window.fluent_form_ff_form_instance_25_1 = {\"id\":\"25\",\"ajaxUrl\":\"https:\\\/\\\/www.ot-control.com\\\/wp-admin\\\/admin-ajax.php\",\"settings\":{\"layout\":{\"labelPlacement\":\"top\",\"asteriskPlacement\":\"asterisk-right\",\"helpMessagePlacement\":\"with_label\",\"errorMessagePlacement\":\"inline\",\"cssClassName\":\"\"},\"restrictions\":{\"denyEmptySubmission\":{\"enabled\":false}}},\"form_instance\":\"ff_form_instance_25_1\",\"form_id_selector\":\"fluentform_25\",\"rules\":{\"input_text\":{\"required\":{\"value\":false,\"message\":\"T\\u00e4m\\u00e4 kentt\\u00e4 on pakollinen\",\"global_message\":\"T\\u00e4m\\u00e4 kentt\\u00e4 on pakollinen\",\"global\":true}},\"input_text_1\":{\"required\":{\"value\":false,\"message\":\"T\\u00e4m\\u00e4 kentt\\u00e4 on pakollinen\",\"global_message\":\"T\\u00e4m\\u00e4 kentt\\u00e4 on pakollinen\",\"global\":true}},\"email\":{\"required\":{\"value\":true,\"message\":\"Detta f\\u00e4lt \\u00e4r obligatoriskt\",\"global_message\":\"T\\u00e4m\\u00e4 kentt\\u00e4 on pakollinen\",\"global\":false},\"email\":{\"value\":true,\"message\":\"Kontrollera e-postadressens format\",\"global_message\":\"Tarkista s\\u00e4hk\\u00f6postin muoto\",\"global\":false}},\"input_text_2\":{\"required\":{\"value\":true,\"message\":\"Detta f\\u00e4lt \\u00e4r obligatoriskt\",\"global_message\":\"T\\u00e4m\\u00e4 kentt\\u00e4 on pakollinen\",\"global\":false}},\"input_text_3\":{\"required\":{\"value\":false,\"message\":\"T\\u00e4m\\u00e4 kentt\\u00e4 on pakollinen\",\"global_message\":\"T\\u00e4m\\u00e4 kentt\\u00e4 on pakollinen\",\"global\":true}},\"multi_select\":{\"required\":{\"value\":false,\"message\":\"T\\u00e4m\\u00e4 kentt\\u00e4 on pakollinen\",\"global_message\":\"T\\u00e4m\\u00e4 kentt\\u00e4 on pakollinen\",\"global\":true}},\"file-upload\":{\"required\":{\"value\":false,\"message\":\"T\\u00e4m\\u00e4 kentt\\u00e4 on pakollinen\",\"global_message\":\"T\\u00e4m\\u00e4 kentt\\u00e4 on pakollinen\",\"global\":true},\"max_file_size\":{\"value\":3145728,\"message\":\"Filen f\\u00e5r vara h\\u00f6gst 3 Mb\",\"global_message\":\"Validation fails for maximum file size\",\"global\":false,\"_valueFrom\":\"MB\"},\"max_file_count\":{\"value\":\"5\",\"message\":\"Du kan ladda upp h\\u00f6gst 5 filer\",\"global_message\":\"Validation fails for maximum file count\",\"global\":false},\"allowed_file_types\":{\"value\":[\"jpg|jpeg|gif|png|bmp\",\"pdf\",\"doc|ppt|pps|xls|mdb|docx|xlsx|pptx|odt|odp|ods|odg|odc|odb|odf|rtf|txt\"],\"message\":\"Filformatet accepteras inte\",\"global_message\":\"Tiedostotyyppi ei kelpaa\",\"global\":false}},\"description\":{\"required\":{\"value\":true,\"message\":\"Detta f\\u00e4lt \\u00e4r obligatoriskt\",\"global_message\":\"T\\u00e4m\\u00e4 kentt\\u00e4 on pakollinen\",\"global\":false}}},\"debounce_time\":300};\n                            <\/script>\n            \n\n\n\t\t<\/div>\n\t\t\t\t\t<\/div>\n\n\t\n\n\n<style>\n#row-790404444 > .col > .col-inner {\n  padding: 0px 0px 0px 0px;\n}\n<\/style>\n<\/div>\n\n\t\t<\/div>\n\n\t\t\n<style>\n#section_957657627 {\n  padding-top: 60px;\n  padding-bottom: 60px;\n}\n<\/style>\n\t<\/section>\n\t\n\n","protected":false},"excerpt":{"rendered":"","protected":false},"author":2,"featured_media":0,"parent":0,"menu_order":0,"comment_status":"closed","ping_status":"closed","template":"page-blank.php","meta":{"footnotes":""},"class_list":["post-5786","page","type-page","status-publish","hentry"],"yoast_head":"<!-- This site is optimized with the Yoast SEO plugin v27.6 - https:\/\/yoast.com\/product\/yoast-seo-wordpress\/ -->\n<title>Offertf\u00f6rfr\u00e5gan - OT-Control Oy<\/title>\n<meta name=\"description\" content=\"L\u00e4mna \u00e5tminstone ditt telefonnummer, s\u00e5 ringer vi och ber\u00e4ttar hur du kan effektivisera din produktion med v\u00e5ra smarta l\u00f6sningar.\" \/>\n<meta name=\"robots\" content=\"index, follow, max-snippet:-1, max-image-preview:large, max-video-preview:-1\" \/>\n<link rel=\"canonical\" href=\"https:\/\/www.ot-control.com\/sv\/offertforfragan\/\" \/>\n<meta property=\"og:locale\" content=\"sv_SE\" \/>\n<meta property=\"og:type\" content=\"article\" \/>\n<meta property=\"og:title\" content=\"Offertf\u00f6rfr\u00e5gan - OT-Control Oy\" \/>\n<meta property=\"og:description\" content=\"L\u00e4mna \u00e5tminstone ditt telefonnummer, s\u00e5 ringer vi och ber\u00e4ttar hur du kan effektivisera din produktion med v\u00e5ra smarta l\u00f6sningar.\" \/>\n<meta property=\"og:url\" content=\"https:\/\/www.ot-control.com\/sv\/offertforfragan\/\" \/>\n<meta property=\"og:site_name\" content=\"OT-Control Oy\" \/>\n<meta property=\"article:modified_time\" content=\"2026-01-20T07:51:09+00:00\" \/>\n<meta property=\"og:image\" content=\"https:\/\/www.ot-control.com\/wp-content\/uploads\/2025\/05\/OT_Control_hero.jpg\" \/>\n\t<meta property=\"og:image:width\" content=\"2000\" \/>\n\t<meta property=\"og:image:height\" content=\"625\" \/>\n\t<meta property=\"og:image:type\" content=\"image\/jpeg\" \/>\n<meta name=\"twitter:card\" content=\"summary_large_image\" \/>\n<meta name=\"twitter:label1\" content=\"Ber\u00e4knad l\u00e4stid\" \/>\n\t<meta name=\"twitter:data1\" content=\"1 minut\" \/>\n<script type=\"application\/ld+json\" class=\"yoast-schema-graph\">{\"@context\":\"https:\\\/\\\/schema.org\",\"@graph\":[{\"@type\":\"WebPage\",\"@id\":\"https:\\\/\\\/www.ot-control.com\\\/sv\\\/offertforfragan\\\/\",\"url\":\"https:\\\/\\\/www.ot-control.com\\\/sv\\\/offertforfragan\\\/\",\"name\":\"Offertf\u00f6rfr\u00e5gan - OT-Control Oy\",\"isPartOf\":{\"@id\":\"https:\\\/\\\/www.ot-control.com\\\/sv\\\/#website\"},\"datePublished\":\"2025-01-10T13:14:14+00:00\",\"dateModified\":\"2026-01-20T07:51:09+00:00\",\"description\":\"L\u00e4mna \u00e5tminstone ditt telefonnummer, s\u00e5 ringer vi och ber\u00e4ttar hur du kan effektivisera din produktion med v\u00e5ra smarta l\u00f6sningar.\",\"breadcrumb\":{\"@id\":\"https:\\\/\\\/www.ot-control.com\\\/sv\\\/offertforfragan\\\/#breadcrumb\"},\"inLanguage\":\"sv-SE\",\"potentialAction\":[{\"@type\":\"ReadAction\",\"target\":[\"https:\\\/\\\/www.ot-control.com\\\/sv\\\/offertforfragan\\\/\"]}]},{\"@type\":\"BreadcrumbList\",\"@id\":\"https:\\\/\\\/www.ot-control.com\\\/sv\\\/offertforfragan\\\/#breadcrumb\",\"itemListElement\":[{\"@type\":\"ListItem\",\"position\":1,\"name\":\"Etusivu\",\"item\":\"https:\\\/\\\/www.ot-control.com\\\/sv\\\/hemsidan\\\/\"},{\"@type\":\"ListItem\",\"position\":2,\"name\":\"Offertf\u00f6rfr\u00e5gan\"}]},{\"@type\":\"WebSite\",\"@id\":\"https:\\\/\\\/www.ot-control.com\\\/sv\\\/#website\",\"url\":\"https:\\\/\\\/www.ot-control.com\\\/sv\\\/\",\"name\":\"OT-Control Oy\",\"description\":\"\u00c4lykk\u00e4it\u00e4 automaatioratkaisuja tuotantoprosesseihin\",\"potentialAction\":[{\"@type\":\"SearchAction\",\"target\":{\"@type\":\"EntryPoint\",\"urlTemplate\":\"https:\\\/\\\/www.ot-control.com\\\/sv\\\/?s={search_term_string}\"},\"query-input\":{\"@type\":\"PropertyValueSpecification\",\"valueRequired\":true,\"valueName\":\"search_term_string\"}}],\"inLanguage\":\"sv-SE\"}]}<\/script>\n<!-- \/ Yoast SEO plugin. -->","yoast_head_json":{"title":"Offertf\u00f6rfr\u00e5gan - OT-Control Oy","description":"L\u00e4mna \u00e5tminstone ditt telefonnummer, s\u00e5 ringer vi och ber\u00e4ttar hur du kan effektivisera din produktion med v\u00e5ra smarta l\u00f6sningar.","robots":{"index":"index","follow":"follow","max-snippet":"max-snippet:-1","max-image-preview":"max-image-preview:large","max-video-preview":"max-video-preview:-1"},"canonical":"https:\/\/www.ot-control.com\/sv\/offertforfragan\/","og_locale":"sv_SE","og_type":"article","og_title":"Offertf\u00f6rfr\u00e5gan - OT-Control Oy","og_description":"L\u00e4mna \u00e5tminstone ditt telefonnummer, s\u00e5 ringer vi och ber\u00e4ttar hur du kan effektivisera din produktion med v\u00e5ra smarta l\u00f6sningar.","og_url":"https:\/\/www.ot-control.com\/sv\/offertforfragan\/","og_site_name":"OT-Control Oy","article_modified_time":"2026-01-20T07:51:09+00:00","og_image":[{"width":2000,"height":625,"url":"https:\/\/www.ot-control.com\/wp-content\/uploads\/2025\/05\/OT_Control_hero.jpg","type":"image\/jpeg"}],"twitter_card":"summary_large_image","twitter_misc":{"Ber\u00e4knad l\u00e4stid":"1 minut"},"schema":{"@context":"https:\/\/schema.org","@graph":[{"@type":"WebPage","@id":"https:\/\/www.ot-control.com\/sv\/offertforfragan\/","url":"https:\/\/www.ot-control.com\/sv\/offertforfragan\/","name":"Offertf\u00f6rfr\u00e5gan - OT-Control Oy","isPartOf":{"@id":"https:\/\/www.ot-control.com\/sv\/#website"},"datePublished":"2025-01-10T13:14:14+00:00","dateModified":"2026-01-20T07:51:09+00:00","description":"L\u00e4mna \u00e5tminstone ditt telefonnummer, s\u00e5 ringer vi och ber\u00e4ttar hur du kan effektivisera din produktion med v\u00e5ra smarta l\u00f6sningar.","breadcrumb":{"@id":"https:\/\/www.ot-control.com\/sv\/offertforfragan\/#breadcrumb"},"inLanguage":"sv-SE","potentialAction":[{"@type":"ReadAction","target":["https:\/\/www.ot-control.com\/sv\/offertforfragan\/"]}]},{"@type":"BreadcrumbList","@id":"https:\/\/www.ot-control.com\/sv\/offertforfragan\/#breadcrumb","itemListElement":[{"@type":"ListItem","position":1,"name":"Etusivu","item":"https:\/\/www.ot-control.com\/sv\/hemsidan\/"},{"@type":"ListItem","position":2,"name":"Offertf\u00f6rfr\u00e5gan"}]},{"@type":"WebSite","@id":"https:\/\/www.ot-control.com\/sv\/#website","url":"https:\/\/www.ot-control.com\/sv\/","name":"OT-Control Oy","description":"\u00c4lykk\u00e4it\u00e4 automaatioratkaisuja tuotantoprosesseihin","potentialAction":[{"@type":"SearchAction","target":{"@type":"EntryPoint","urlTemplate":"https:\/\/www.ot-control.com\/sv\/?s={search_term_string}"},"query-input":{"@type":"PropertyValueSpecification","valueRequired":true,"valueName":"search_term_string"}}],"inLanguage":"sv-SE"}]}},"_links":{"self":[{"href":"https:\/\/www.ot-control.com\/sv\/wp-json\/wp\/v2\/pages\/5786","targetHints":{"allow":["GET"]}}],"collection":[{"href":"https:\/\/www.ot-control.com\/sv\/wp-json\/wp\/v2\/pages"}],"about":[{"href":"https:\/\/www.ot-control.com\/sv\/wp-json\/wp\/v2\/types\/page"}],"author":[{"embeddable":true,"href":"https:\/\/www.ot-control.com\/sv\/wp-json\/wp\/v2\/users\/2"}],"replies":[{"embeddable":true,"href":"https:\/\/www.ot-control.com\/sv\/wp-json\/wp\/v2\/comments?post=5786"}],"version-history":[{"count":3,"href":"https:\/\/www.ot-control.com\/sv\/wp-json\/wp\/v2\/pages\/5786\/revisions"}],"predecessor-version":[{"id":5984,"href":"https:\/\/www.ot-control.com\/sv\/wp-json\/wp\/v2\/pages\/5786\/revisions\/5984"}],"wp:attachment":[{"href":"https:\/\/www.ot-control.com\/sv\/wp-json\/wp\/v2\/media?parent=5786"}],"curies":[{"name":"wp","href":"https:\/\/api.w.org\/{rel}","templated":true}]}}