{"id":5592,"date":"2025-01-10T10:18:58","date_gmt":"2025-01-10T08:18:58","guid":{"rendered":"https:\/\/www.ot-control.com\/join-our-team\/"},"modified":"2026-01-02T15:26:31","modified_gmt":"2026-01-02T13:26:31","slug":"join-our-team","status":"publish","type":"page","link":"https:\/\/www.ot-control.com\/en\/join-our-team\/","title":{"rendered":"Join our team"},"content":{"rendered":"\n\n\t<section class=\"section\" id=\"section_1278582263\">\n\t\t<div class=\"section-bg fill\" >\n\t\t\t\t\t\t\t\t\t\n\t\t\t\n\n\t\t<\/div>\n\n\t\t\n\n\t\t<div class=\"section-content relative\">\n\t\t\t\n\n<div class=\"row\"  id=\"row-1627487936\">\n\n\n\t<div id=\"col-1729795483\" class=\"col small-12 large-12\"  >\n\t\t\t\t<div class=\"col-inner\"  >\n\t\t\t\n\t\t\t\n\n\t<div id=\"text-2626593288\" class=\"text\">\n\t\t\n\n<h1>Open positions <\/h1>\n\t\t\n<style>\n#text-2626593288 {\n  color: #c1272d;\n}\n#text-2626593288 > * {\n  color: #c1272d;\n}\n<\/style>\n\t<\/div>\n\t\n<h2>Looking for new job<\/h2>\n<p>OT-Control Oy designs and manufactures customised electrical and automation solutions for the needs of various industries. Thanks to our expertise and more than 30 years of experience, we are able to meet even the most demanding special requirements of our customers. Our strongest competence lies in automation projects for the wood and sawmill industry. <\/p>\n<p>The more demanding the machine or machine line, the better we are. You are welcome to contribute your top expertise to our industry and our customers<\/p>\n<h3>Explore our open positions and apply to join us<\/h3>\n\n\t\t<\/div>\n\t\t\t\t\t<\/div>\n\n\t\n\n\n<style>\n#row-1627487936 > .col > .col-inner {\n  padding: 0px 0px 0px 0px;\n}\n<\/style>\n<\/div>\n<div class=\"row\"  id=\"row-1774870595\">\n\n\n\t<div id=\"col-1190967731\" class=\"col medium-6 small-12 large-6\"  >\n\t\t\t\t<div class=\"col-inner\"  >\n\t\t\t\n\t\t\t\n\n\n  <div class=\"banner has-hover\" id=\"banner-1980351312\">\n          <div class=\"banner-inner fill\">\n        <div class=\"banner-bg fill\" >\n                                                \n                    <\/div>\n\t\t\n        <div class=\"banner-layers container\">\n            <div class=\"fill banner-link\"><\/div>            \n\n   <div id=\"text-box-555926321\" class=\"text-box banner-layer x50 md-x50 lg-x50 y50 md-y50 lg-y50 res-text\">\n                                <div class=\"text-box-content text dark\">\n              \n              <div class=\"text-inner text-center\">\n                  \n\n\t<div id=\"text-2663232036\" class=\"text\">\n\t\t\n\n<h4 class=\"uppercase\">Open postion<\/h4>\n<h2 class=\"uppercase\"><strong>Automation Designer<\/strong><\/h2>\n\t\t\n<style>\n#text-2663232036 {\n  font-size: 0.75rem;\n  text-align: center;\n}\n@media (min-width:550px) {\n  #text-2663232036 {\n    font-size: 0.75rem;\n  }\n}\n<\/style>\n\t<\/div>\n\t\n\t<div id=\"text-3042009988\" class=\"text\">\n\t\t\n\n<p>You are an innovative, self\u2011motivated, and cooperative team player with skills in PC and PLC programming. You communicate fluently in Finnish and English, and additional language skills are considered an advantage. The role requires readiness to travel and the ability to work confidently in customer-facing situations  <\/p>\n<p><br>Experience in the wood industry will help you succeed in this position. We provide you with top\u2011tier tools in C++, Siemens, and Beckhoff environments, as well as a pleasant working atmosphere among leading professionals in the field<\/p>\n\t\t\n<style>\n#text-3042009988 {\n  font-size: 0.85rem;\n}\n<\/style>\n\t<\/div>\n\t\n<a href=\"mailto:jukka.pakarinen@ot-control.fi\" target=\"_blank\" class=\"button white is-outline is-larger\" rel=\"noopener\" >\n\t\t<span>Send an open job application<\/span>\n\t<\/a>\n\n\n\n              <\/div>\n           <\/div>\n                            \n<style>\n#text-box-555926321 {\n  width: 90%;\n}\n#text-box-555926321 .text-box-content {\n  font-size: 100%;\n}\n@media (min-width:550px) {\n  #text-box-555926321 {\n    width: 80%;\n  }\n}\n<\/style>\n    <\/div>\n \n\n        <\/div>\n      <\/div>\n\n            \n<style>\n#banner-1980351312 {\n  padding-top: 550px;\n}\n@media (min-width:850px) {\n  #banner-1980351312 {\n    padding-top: 500px;\n  }\n}\n<\/style>\n  <\/div>\n\n\n\n\t\t<\/div>\n\t\t\t\t\t<\/div>\n\n\t\n\n<\/div>\n\n\t\t<\/div>\n\n\t\t\n<style>\n#section_1278582263 {\n  padding-top: 60px;\n  padding-bottom: 60px;\n}\n<\/style>\n\t<\/section>\n\t\n\n\t<section class=\"section dark\" id=\"section_1571845094\">\n\t\t<div class=\"section-bg fill\" >\n\t\t\t\t\t\t\t\t\t\n\t\t\t\n\n\t\t<\/div>\n\n\t\t\n\n\t\t<div class=\"section-content relative\">\n\t\t\t\n\n<div class=\"row\"  id=\"row-1969245580\">\n\n\n\t<div id=\"col-558997354\" class=\"col small-12 large-12\"  >\n\t\t\t\t<div class=\"col-inner dark\"  >\n\t\t\t\n\t\t\t\n\n\t<div id=\"text-2765834271\" class=\"text\">\n\t\t\n\n<h2>Send an open job application<\/h2>\n\t\t\n<style>\n#text-2765834271 {\n  color: #c1272d;\n}\n#text-2765834271 > * {\n  color: #c1272d;\n}\n<\/style>\n\t<\/div>\n\t\n\t<div id=\"gap-1823222288\" class=\"gap-element clearfix\" style=\"display:block; height:auto;\">\n\t\t\n<style>\n#gap-1823222288 {\n  padding-top: 30px;\n}\n<\/style>\n\t<\/div>\n\t\n\n\n\n<div class='fluentform ff-default fluentform_wrapper_28 ffs_default_wrap'><form data-form_id=\"28\" id=\"fluentform_28\" class=\"frm-fluent-form fluent_form_28 ff-el-form-top ff_form_instance_28_1 ff-form-loading ffs_default\" data-form_instance=\"ff_form_instance_28_1\" method=\"POST\" ><fieldset  style=\"border: none!important;margin: 0!important;padding: 0!important;background-color: transparent!important;box-shadow: none!important;outline: none!important; min-inline-size: 100%;\">\n                    <legend class=\"ff_screen_reader_title\" style=\"display: block; margin: 0!important;padding: 0!important;height: 0!important;text-indent: -999999px;width: 0!important;overflow:hidden;\">Open job application<\/legend><input type='hidden' name='__fluent_form_embded_post_id' value='5592' \/><input type=\"hidden\" id=\"_fluentform_28_fluentformnonce\" name=\"_fluentform_28_fluentformnonce\" value=\"ab9d05217b\" \/><input type=\"hidden\" name=\"_wp_http_referer\" value=\"\/en\/wp-json\/wp\/v2\/pages\/5592\" \/><div data-name=\"ff_cn_id_1\"  class='ff-t-container ff-column-container ff_columns_total_2 '><div class='ff-t-cell ff-t-column-1' style='flex-basis: 50%;'><div class='ff-el-group'><div class=\"ff-el-input--label ff-el-is-required asterisk-right\"><label for='ff_28_input_text' id='label_ff_28_input_text' aria-label=\"First name\">First name<\/label><\/div><div class='ff-el-input--content'><input type=\"text\" name=\"input_text\" class=\"ff-el-form-control\" data-name=\"input_text\" id=\"ff_28_input_text\"  aria-invalid=\"false\" aria-required=true><\/div><\/div><\/div><div class='ff-t-cell ff-t-column-2' style='flex-basis: 50%;'><div class='ff-el-group'><div class=\"ff-el-input--label ff-el-is-required asterisk-right\"><label for='ff_28_input_text_1' id='label_ff_28_input_text_1' aria-label=\"Last name\">Last name<\/label><\/div><div class='ff-el-input--content'><input type=\"text\" name=\"input_text_1\" class=\"ff-el-form-control\" data-name=\"input_text_1\" id=\"ff_28_input_text_1\"  aria-invalid=\"false\" aria-required=true><\/div><\/div><\/div><\/div><div data-name=\"ff_cn_id_2\"  class='ff-t-container ff-column-container ff_columns_total_2 '><div class='ff-t-cell ff-t-column-1' style='flex-basis: 50%;'><div class='ff-el-group'><div class=\"ff-el-input--label ff-el-is-required asterisk-right\"><label for='ff_28_email' id='label_ff_28_email' aria-label=\"E-mail\">E-mail<\/label><\/div><div class='ff-el-input--content'><input type=\"email\" name=\"email\" id=\"ff_28_email\" class=\"ff-el-form-control\" data-name=\"email\"  aria-invalid=\"false\" aria-required=true><\/div><\/div><\/div><div class='ff-t-cell ff-t-column-2' style='flex-basis: 50%;'><div class='ff-el-group'><div class=\"ff-el-input--label ff-el-is-required asterisk-right\"><label for='ff_28_input_text_2' id='label_ff_28_input_text_2' aria-label=\"Telephone number\">Telephone number<\/label><\/div><div class='ff-el-input--content'><input type=\"text\" name=\"input_text_2\" class=\"ff-el-form-control\" data-name=\"input_text_2\" id=\"ff_28_input_text_2\"  aria-invalid=\"false\" aria-required=true><\/div><\/div><\/div><\/div><div class='ff-el-group'><div class=\"ff-el-input--label ff-el-is-required asterisk-right\"><label for='ff_28_description' id='label_ff_28_description' aria-label=\"Describe your education and skills\">Describe your education and skills<\/label><\/div><div class='ff-el-input--content'><textarea aria-required=\"true\" aria-labelledby=\"label_ff_28_description\" name=\"description\" id=\"ff_28_description\" class=\"ff-el-form-control\" rows=\"3\" cols=\"2\" data-name=\"description\" ><\/textarea><\/div><\/div><div class='ff-el-group'><div class=\"ff-el-input--label asterisk-right\"><label for='ff_28_multi_select' id='label_ff_28_multi_select' aria-label=\"What job are you interested in?\">What job are you interested in?<\/label><\/div><div class='ff-el-input--content'><select name=\"multi_select[]\" id=\"ff_28_multi_select\" class=\"ff-el-form-control  ff_has_multi_select\" multiple=\"1\" data-name=\"multi_select\" data-calc_value=\"0\"  aria-invalid=\"false\" aria-required=\"false\" aria-labelledby=\"label_ff_28_multi_select\"><option value=\"Sales\"  >Sales<\/option><option value=\"Production\"  >Production<\/option><option value=\"Development\"  >Development<\/option><option value=\"Automation, software and electrical design\"  >Automation, software and electrical design<\/option><option value=\"Electrical installation\"  >Electrical installation<\/option><option value=\"Office work\"  >Office work<\/option><\/select><\/div><\/div><div class='ff-el-group'><div class=\"ff-el-input--label asterisk-right\"><label for='ff_28_file-upload_1' id='label_ff_28_file-upload_1' aria-label=\"Attachments, CV or job application\">Attachments, CV or job application<\/label><\/div><div class='ff-el-input--content'><label for='ff_28_file-upload_1' class='ff_file_upload_holder'><span class='ff_upload_btn ff-btn' tabindex='0'>Select file<\/span> <input type=\"file\" name=\"file-upload\" id=\"ff_28_file-upload_1\" class=\"ff-el-form-control  ff-screen-reader-element\" data-name=\"file-upload\" multiple=\"1\"  aria-invalid='false' aria-required=false><\/label><\/div><\/div><div class='ff-el-group ff-text-left ff_submit_btn_wrapper'><button type=\"submit\" class=\"ff-btn ff-btn-submit ff-btn-md ff_btn_style wpf_has_custom_css\"  aria-label=\"Send\">Send<\/button><\/div><\/fieldset><\/form><div id='fluentform_28_errors' class='ff-errors-in-stack ff_form_instance_28_1 ff-form-loading_errors ff_form_instance_28_1_errors'><\/div><\/div>            <script type=\"text\/javascript\">\n                window.fluent_form_ff_form_instance_28_1 = {\"id\":\"28\",\"settings\":{\"layout\":{\"labelPlacement\":\"top\",\"asteriskPlacement\":\"asterisk-right\",\"helpMessagePlacement\":\"with_label\",\"errorMessagePlacement\":\"inline\",\"cssClassName\":\"\"},\"restrictions\":{\"denyEmptySubmission\":{\"enabled\":false}}},\"form_instance\":\"ff_form_instance_28_1\",\"form_id_selector\":\"fluentform_28\",\"rules\":{\"input_text\":{\"required\":{\"value\":true,\"message\":\"This field is required\",\"global_message\":\"T\\u00e4m\\u00e4 kentt\\u00e4 on pakollinen\",\"global\":false}},\"input_text_1\":{\"required\":{\"value\":true,\"message\":\"This field is required\",\"global_message\":\"T\\u00e4m\\u00e4 kentt\\u00e4 on pakollinen\",\"global\":false}},\"email\":{\"required\":{\"value\":true,\"message\":\"This field is required\",\"global_message\":\"T\\u00e4m\\u00e4 kentt\\u00e4 on pakollinen\",\"global\":false},\"email\":{\"value\":true,\"message\":\"Check the email format\",\"global_message\":\"Tarkista s\\u00e4hk\\u00f6postin muoto\",\"global\":false}},\"input_text_2\":{\"required\":{\"value\":true,\"message\":\"This field is required\",\"global_message\":\"T\\u00e4m\\u00e4 kentt\\u00e4 on pakollinen\",\"global\":false}},\"description\":{\"required\":{\"value\":true,\"message\":\"This field is required\",\"global_message\":\"T\\u00e4m\\u00e4 kentt\\u00e4 on pakollinen\",\"global\":false}},\"multi_select\":{\"required\":{\"value\":false,\"message\":\"T\\u00e4m\\u00e4 kentt\\u00e4 on pakollinen\",\"global_message\":\"T\\u00e4m\\u00e4 kentt\\u00e4 on pakollinen\",\"global\":true}},\"file-upload\":{\"required\":{\"value\":false,\"message\":\"T\\u00e4m\\u00e4 kentt\\u00e4 on pakollinen\",\"global_message\":\"T\\u00e4m\\u00e4 kentt\\u00e4 on pakollinen\",\"global\":true},\"max_file_size\":{\"value\":3145728,\"_valueFrom\":\"MB\",\"message\":\"File size limit is 3 MB\",\"global_message\":\"Validation fails for maximum file size\",\"global\":false},\"max_file_count\":{\"value\":\"5\",\"message\":\"You can upload up to 5 files\",\"global_message\":\"Validation fails for maximum file count\",\"global\":false},\"allowed_file_types\":{\"value\":[\"jpg|jpeg|gif|png|bmp\",\"pdf\",\"doc|ppt|pps|xls|mdb|docx|xlsx|pptx|odt|odp|ods|odg|odc|odb|odf|rtf|txt\"],\"message\":\"Invalid file type\",\"global_message\":\"Tiedostotyyppi ei kelpaa\",\"global\":false}}},\"debounce_time\":300};\n                            <\/script>\n            \n\n\n\t\t<\/div>\n\t\t\t\t\t<\/div>\n\n\t\n\n\n<style>\n#row-1969245580 > .col > .col-inner {\n  padding: 0px 0px 0px 0px;\n}\n<\/style>\n<\/div>\n\n\t\t<\/div>\n\n\t\t\n<style>\n#section_1571845094 {\n  padding-top: 60px;\n  padding-bottom: 60px;\n  background-color: #0a0a0a;\n}\n<\/style>\n\t<\/section>\n\t\n\n\t<section class=\"section\" id=\"section_475311363\">\n\t\t<div class=\"section-bg fill\" >\n\t\t\t\t\t\t\t\t\t\n\t\t\t\n\n\t\t<\/div>\n\n\t\t\n\n\t\t<div class=\"section-content relative\">\n\t\t\t\n\n<div class=\"row\"  id=\"row-1423621579\">\n\n\n\t<div id=\"col-42153964\" class=\"col small-12 large-12\"  >\n\t\t\t\t<div class=\"col-inner text-center\"  >\n\t\t\t\n\t\t\t\n\n\t<div id=\"text-3305326860\" class=\"text\">\n\t\t\n\n<h2>News from<\/h2>\n\t\t\n<style>\n#text-3305326860 {\n  text-align: center;\n}\n<\/style>\n\t<\/div>\n\t\n\n  \n    <div class=\"row large-columns-3 medium-columns-2 small-columns-1 slider row-slider slider-nav-reveal slider-nav-push\"  data-flickity-options='{&quot;imagesLoaded&quot;: true, &quot;groupCells&quot;: &quot;100%&quot;, &quot;dragThreshold&quot; : 5, &quot;cellAlign&quot;: &quot;left&quot;,&quot;wrapAround&quot;: true,&quot;prevNextButtons&quot;: true,&quot;percentPosition&quot;: true,&quot;pageDots&quot;: true, &quot;rightToLeft&quot;: false, &quot;autoPlay&quot; : false}' >\n\n  <\/div>\n\n<a href=\"https:\/\/www.ot-control.com\/category\/recruit\/\" class=\"button primary\" >\n\t\t<span>See all<\/span>\n\t<\/a>\n\n\n\n\t\t<\/div>\n\t\t\t\t\n<style>\n#col-42153964 > .col-inner {\n  padding: 0px 10px 0px 10px;\n}\n<\/style>\n\t<\/div>\n\n\t\n\n<\/div>\n\n\t\t<\/div>\n\n\t\t\n<style>\n#section_475311363 {\n  padding-top: 50px;\n  padding-bottom: 50px;\n}\n<\/style>\n\t<\/section>\n\t\n\n","protected":false},"excerpt":{"rendered":"","protected":false},"author":2,"featured_media":0,"parent":0,"menu_order":0,"comment_status":"closed","ping_status":"closed","template":"page-blank.php","meta":{"footnotes":""},"class_list":["post-5592","page","type-page","status-publish","hentry"],"yoast_head":"<!-- This site is optimized with the Yoast SEO plugin v27.3 - https:\/\/yoast.com\/product\/yoast-seo-wordpress\/ -->\n<title>Join our team - OT-Control Oy<\/title>\n<meta name=\"description\" content=\"Olet tervetullut antamaan oman huippuosaamisesi toimialamme ja asiakkaidemme k\u00e4ytt\u00f6\u00f6n.\" \/>\n<meta name=\"robots\" content=\"index, follow, max-snippet:-1, max-image-preview:large, max-video-preview:-1\" \/>\n<link rel=\"canonical\" href=\"https:\/\/www.ot-control.com\/en\/join-our-team\/\" \/>\n<meta property=\"og:locale\" content=\"en_US\" \/>\n<meta property=\"og:type\" content=\"article\" \/>\n<meta property=\"og:title\" content=\"Join our team - OT-Control Oy\" \/>\n<meta property=\"og:description\" content=\"Olet tervetullut antamaan oman huippuosaamisesi toimialamme ja asiakkaidemme k\u00e4ytt\u00f6\u00f6n.\" \/>\n<meta property=\"og:url\" content=\"https:\/\/www.ot-control.com\/en\/join-our-team\/\" \/>\n<meta property=\"og:site_name\" content=\"OT-Control Oy\" \/>\n<meta property=\"article:modified_time\" content=\"2026-01-02T13:26:31+00:00\" \/>\n<meta property=\"og:image\" content=\"https:\/\/www.ot-control.com\/wp-content\/uploads\/2025\/05\/OT_Control_hero.jpg\" \/>\n\t<meta property=\"og:image:width\" content=\"2000\" \/>\n\t<meta property=\"og:image:height\" content=\"625\" \/>\n\t<meta property=\"og:image:type\" content=\"image\/jpeg\" \/>\n<meta name=\"twitter:card\" content=\"summary_large_image\" \/>\n<meta name=\"twitter:label1\" content=\"Est. reading time\" \/>\n\t<meta name=\"twitter:data1\" content=\"2 minutes\" \/>\n<script type=\"application\/ld+json\" class=\"yoast-schema-graph\">{\"@context\":\"https:\\\/\\\/schema.org\",\"@graph\":[{\"@type\":\"WebPage\",\"@id\":\"https:\\\/\\\/www.ot-control.com\\\/en\\\/join-our-team\\\/\",\"url\":\"https:\\\/\\\/www.ot-control.com\\\/en\\\/join-our-team\\\/\",\"name\":\"Join our team - OT-Control Oy\",\"isPartOf\":{\"@id\":\"https:\\\/\\\/www.ot-control.com\\\/en\\\/#website\"},\"datePublished\":\"2025-01-10T08:18:58+00:00\",\"dateModified\":\"2026-01-02T13:26:31+00:00\",\"description\":\"Olet tervetullut antamaan oman huippuosaamisesi toimialamme ja asiakkaidemme k\u00e4ytt\u00f6\u00f6n.\",\"breadcrumb\":{\"@id\":\"https:\\\/\\\/www.ot-control.com\\\/en\\\/join-our-team\\\/#breadcrumb\"},\"inLanguage\":\"en-US\",\"potentialAction\":[{\"@type\":\"ReadAction\",\"target\":[\"https:\\\/\\\/www.ot-control.com\\\/en\\\/join-our-team\\\/\"]}]},{\"@type\":\"BreadcrumbList\",\"@id\":\"https:\\\/\\\/www.ot-control.com\\\/en\\\/join-our-team\\\/#breadcrumb\",\"itemListElement\":[{\"@type\":\"ListItem\",\"position\":1,\"name\":\"Etusivu\",\"item\":\"https:\\\/\\\/www.ot-control.com\\\/en\\\/\"},{\"@type\":\"ListItem\",\"position\":2,\"name\":\"Join our team\"}]},{\"@type\":\"WebSite\",\"@id\":\"https:\\\/\\\/www.ot-control.com\\\/en\\\/#website\",\"url\":\"https:\\\/\\\/www.ot-control.com\\\/en\\\/\",\"name\":\"OT-Control Oy\",\"description\":\"\u00c4lykk\u00e4it\u00e4 automaatioratkaisuja tuotantoprosesseihin\",\"potentialAction\":[{\"@type\":\"SearchAction\",\"target\":{\"@type\":\"EntryPoint\",\"urlTemplate\":\"https:\\\/\\\/www.ot-control.com\\\/en\\\/?s={search_term_string}\"},\"query-input\":{\"@type\":\"PropertyValueSpecification\",\"valueRequired\":true,\"valueName\":\"search_term_string\"}}],\"inLanguage\":\"en-US\"}]}<\/script>\n<!-- \/ Yoast SEO plugin. -->","yoast_head_json":{"title":"Join our team - OT-Control Oy","description":"Olet tervetullut antamaan oman huippuosaamisesi toimialamme ja asiakkaidemme k\u00e4ytt\u00f6\u00f6n.","robots":{"index":"index","follow":"follow","max-snippet":"max-snippet:-1","max-image-preview":"max-image-preview:large","max-video-preview":"max-video-preview:-1"},"canonical":"https:\/\/www.ot-control.com\/en\/join-our-team\/","og_locale":"en_US","og_type":"article","og_title":"Join our team - OT-Control Oy","og_description":"Olet tervetullut antamaan oman huippuosaamisesi toimialamme ja asiakkaidemme k\u00e4ytt\u00f6\u00f6n.","og_url":"https:\/\/www.ot-control.com\/en\/join-our-team\/","og_site_name":"OT-Control Oy","article_modified_time":"2026-01-02T13:26:31+00:00","og_image":[{"width":2000,"height":625,"url":"https:\/\/www.ot-control.com\/wp-content\/uploads\/2025\/05\/OT_Control_hero.jpg","type":"image\/jpeg"}],"twitter_card":"summary_large_image","twitter_misc":{"Est. reading time":"2 minutes"},"schema":{"@context":"https:\/\/schema.org","@graph":[{"@type":"WebPage","@id":"https:\/\/www.ot-control.com\/en\/join-our-team\/","url":"https:\/\/www.ot-control.com\/en\/join-our-team\/","name":"Join our team - OT-Control Oy","isPartOf":{"@id":"https:\/\/www.ot-control.com\/en\/#website"},"datePublished":"2025-01-10T08:18:58+00:00","dateModified":"2026-01-02T13:26:31+00:00","description":"Olet tervetullut antamaan oman huippuosaamisesi toimialamme ja asiakkaidemme k\u00e4ytt\u00f6\u00f6n.","breadcrumb":{"@id":"https:\/\/www.ot-control.com\/en\/join-our-team\/#breadcrumb"},"inLanguage":"en-US","potentialAction":[{"@type":"ReadAction","target":["https:\/\/www.ot-control.com\/en\/join-our-team\/"]}]},{"@type":"BreadcrumbList","@id":"https:\/\/www.ot-control.com\/en\/join-our-team\/#breadcrumb","itemListElement":[{"@type":"ListItem","position":1,"name":"Etusivu","item":"https:\/\/www.ot-control.com\/en\/"},{"@type":"ListItem","position":2,"name":"Join our team"}]},{"@type":"WebSite","@id":"https:\/\/www.ot-control.com\/en\/#website","url":"https:\/\/www.ot-control.com\/en\/","name":"OT-Control Oy","description":"\u00c4lykk\u00e4it\u00e4 automaatioratkaisuja tuotantoprosesseihin","potentialAction":[{"@type":"SearchAction","target":{"@type":"EntryPoint","urlTemplate":"https:\/\/www.ot-control.com\/en\/?s={search_term_string}"},"query-input":{"@type":"PropertyValueSpecification","valueRequired":true,"valueName":"search_term_string"}}],"inLanguage":"en-US"}]}},"_links":{"self":[{"href":"https:\/\/www.ot-control.com\/en\/wp-json\/wp\/v2\/pages\/5592","targetHints":{"allow":["GET"]}}],"collection":[{"href":"https:\/\/www.ot-control.com\/en\/wp-json\/wp\/v2\/pages"}],"about":[{"href":"https:\/\/www.ot-control.com\/en\/wp-json\/wp\/v2\/types\/page"}],"author":[{"embeddable":true,"href":"https:\/\/www.ot-control.com\/en\/wp-json\/wp\/v2\/users\/2"}],"replies":[{"embeddable":true,"href":"https:\/\/www.ot-control.com\/en\/wp-json\/wp\/v2\/comments?post=5592"}],"version-history":[{"count":5,"href":"https:\/\/www.ot-control.com\/en\/wp-json\/wp\/v2\/pages\/5592\/revisions"}],"predecessor-version":[{"id":5712,"href":"https:\/\/www.ot-control.com\/en\/wp-json\/wp\/v2\/pages\/5592\/revisions\/5712"}],"wp:attachment":[{"href":"https:\/\/www.ot-control.com\/en\/wp-json\/wp\/v2\/media?parent=5592"}],"curies":[{"name":"wp","href":"https:\/\/api.w.org\/{rel}","templated":true}]}}