{"id":5588,"date":"2025-01-10T15:14:14","date_gmt":"2025-01-10T13:14:14","guid":{"rendered":"https:\/\/www.ot-control.com\/request-for-quotation\/"},"modified":"2026-01-02T14:57:06","modified_gmt":"2026-01-02T12:57:06","slug":"request-for-quotation","status":"publish","type":"page","link":"https:\/\/www.ot-control.com\/en\/request-for-quotation\/","title":{"rendered":"Request for quotation"},"content":{"rendered":"\n\n\t<section class=\"section\" id=\"section_1499457309\">\n\t\t<div class=\"section-bg fill\" >\n\t\t\t\t\t\t\t\t\t\n\t\t\t\n\n\t\t<\/div>\n\n\t\t\n\n\t\t<div class=\"section-content relative\">\n\t\t\t\n\n<div class=\"row\"  id=\"row-986684051\">\n\n\n\t<div id=\"col-1827465936\" class=\"col small-12 large-12\"  >\n\t\t\t\t<div class=\"col-inner\"  >\n\t\t\t\n\t\t\t\n\n<h1>Contact us and request a quote!<\/h1>\n<p>OT\u2011Control \u2013 your reliable partner for automation in the wood industry. Leave at least your phone number, and we\u2019ll call you to explain how our intelligent solutions can boost your production efficiency <\/p>\n\t<div id=\"gap-1859711749\" class=\"gap-element clearfix\" style=\"display:block; height:auto;\">\n\t\t\n<style>\n#gap-1859711749 {\n  padding-top: 30px;\n}\n<\/style>\n\t<\/div>\n\t\n\n\n\n<div class='fluentform ff-default fluentform_wrapper_17 ffs_default_wrap'><form data-form_id=\"17\" id=\"fluentform_17\" class=\"frm-fluent-form fluent_form_17 ff-el-form-top ff_form_instance_17_1 ff-form-loading ffs_default\" data-form_instance=\"ff_form_instance_17_1\" method=\"POST\" ><fieldset  style=\"border: none!important;margin: 0!important;padding: 0!important;background-color: transparent!important;box-shadow: none!important;outline: none!important; min-inline-size: 100%;\">\n                    <legend class=\"ff_screen_reader_title\" style=\"display: block; margin: 0!important;padding: 0!important;height: 0!important;text-indent: -999999px;width: 0!important;overflow:hidden;\">Offer request<\/legend><input type='hidden' name='__fluent_form_embded_post_id' value='5588' \/><input type=\"hidden\" id=\"_fluentform_17_fluentformnonce\" name=\"_fluentform_17_fluentformnonce\" value=\"ab9d05217b\" \/><input type=\"hidden\" name=\"_wp_http_referer\" value=\"\/en\/wp-json\/wp\/v2\/pages\/5588\" \/><div data-name=\"ff_cn_id_1\"  class='ff-t-container ff-column-container ff_columns_total_2 '><div class='ff-t-cell ff-t-column-1' style='flex-basis: 50%;'><div class='ff-el-group'><div class=\"ff-el-input--label asterisk-right\"><label for='ff_17_input_text' id='label_ff_17_input_text' aria-label=\"First name\">First name<\/label><\/div><div class='ff-el-input--content'><input type=\"text\" name=\"input_text\" class=\"ff-el-form-control\" data-name=\"input_text\" id=\"ff_17_input_text\"  aria-invalid=\"false\" aria-required=false><\/div><\/div><\/div><div class='ff-t-cell ff-t-column-2' style='flex-basis: 50%;'><div class='ff-el-group'><div class=\"ff-el-input--label asterisk-right\"><label for='ff_17_input_text_1' id='label_ff_17_input_text_1' aria-label=\"Last name\">Last name<\/label><\/div><div class='ff-el-input--content'><input type=\"text\" name=\"input_text_1\" class=\"ff-el-form-control\" data-name=\"input_text_1\" id=\"ff_17_input_text_1\"  aria-invalid=\"false\" aria-required=false><\/div><\/div><\/div><\/div><div data-name=\"ff_cn_id_2\"  class='ff-t-container ff-column-container ff_columns_total_2 '><div class='ff-t-cell ff-t-column-1' style='flex-basis: 50%;'><div class='ff-el-group'><div class=\"ff-el-input--label ff-el-is-required asterisk-right\"><label for='ff_17_email' id='label_ff_17_email' aria-label=\"Email\">Email<\/label><\/div><div class='ff-el-input--content'><input type=\"email\" name=\"email\" id=\"ff_17_email\" class=\"ff-el-form-control\" data-name=\"email\"  aria-invalid=\"false\" aria-required=true><\/div><\/div><\/div><div class='ff-t-cell ff-t-column-2' style='flex-basis: 50%;'><div class='ff-el-group'><div class=\"ff-el-input--label ff-el-is-required asterisk-right\"><label for='ff_17_input_text_2' id='label_ff_17_input_text_2' aria-label=\"Phone number\">Phone number<\/label><\/div><div class='ff-el-input--content'><input type=\"text\" name=\"input_text_2\" class=\"ff-el-form-control\" data-name=\"input_text_2\" id=\"ff_17_input_text_2\"  aria-invalid=\"false\" aria-required=true><\/div><\/div><\/div><\/div><div class='ff-el-group'><div class=\"ff-el-input--label asterisk-right\"><label for='ff_17_input_text_3' id='label_ff_17_input_text_3' aria-label=\"What industry does your company represent?\">What industry does your company represent?<\/label><\/div><div class='ff-el-input--content'><input type=\"text\" name=\"input_text_3\" class=\"ff-el-form-control\" data-name=\"input_text_3\" id=\"ff_17_input_text_3\"  aria-invalid=\"false\" aria-required=false><\/div><\/div><div class='ff-el-group'><div class=\"ff-el-input--label asterisk-right\"><label for='ff_17_multi_select' id='label_ff_17_multi_select' aria-label=\"What topic would you like a quote on?\">What topic would you like a quote on?<\/label><\/div><div class='ff-el-input--content'><select name=\"multi_select[]\" id=\"ff_17_multi_select\" class=\"ff-el-form-control  ff_has_multi_select\" multiple=\"1\" data-name=\"multi_select\" data-calc_value=\"0\"  aria-invalid=\"false\" aria-required=\"false\" aria-labelledby=\"label_ff_17_multi_select\"><option value=\"Automation\"  >Automation<\/option><option value=\"Needs assessment\"  >Needs assessment<\/option><option value=\"Introduction\"  >Introduction<\/option><option value=\"User training and documentation\"  >User training and documentation<\/option><option value=\"Updates and modernizations\"  >Updates and modernizations<\/option><option value=\"Remote control\"  >Remote control<\/option><option value=\"Design\"  >Design<\/option><option value=\"Consulting\"  >Consulting<\/option><option value=\"Optimization\"  >Optimization<\/option><\/select><\/div><\/div><div class='ff-el-group'><div class=\"ff-el-input--label asterisk-right\"><label for='ff_17_file-upload_1' id='label_ff_17_file-upload_1' aria-label=\"Attachment\">Attachment<\/label><\/div><div class='ff-el-input--content'><label for='ff_17_file-upload_1' class='ff_file_upload_holder'><span class='ff_upload_btn ff-btn' tabindex='0'>Choose file<\/span> <input type=\"file\" name=\"file-upload\" id=\"ff_17_file-upload_1\" class=\"ff-el-form-control  ff-screen-reader-element\" data-name=\"file-upload\" multiple=\"1\"  aria-invalid='false' aria-required=false><\/label><\/div><\/div><div class='ff-el-group'><div class=\"ff-el-input--label ff-el-is-required asterisk-right\"><label for='ff_17_description' id='label_ff_17_description' aria-label=\"Describe your need and what you would like a quote from us for\">Describe your need and what you would like a quote from us for<\/label><\/div><div class='ff-el-input--content'><textarea aria-required=\"true\" aria-labelledby=\"label_ff_17_description\" name=\"description\" id=\"ff_17_description\" class=\"ff-el-form-control\" rows=\"3\" cols=\"2\" data-name=\"description\" ><\/textarea><\/div><\/div><div class='ff-el-group ff-text-left ff_submit_btn_wrapper'><button type=\"submit\" class=\"ff-btn ff-btn-submit ff-btn-md ff_btn_style wpf_has_custom_css\"  aria-label=\"Send\">Send<\/button><\/div><\/fieldset><\/form><div id='fluentform_17_errors' class='ff-errors-in-stack ff_form_instance_17_1 ff-form-loading_errors ff_form_instance_17_1_errors'><\/div><\/div>            <script type=\"text\/javascript\">\n                window.fluent_form_ff_form_instance_17_1 = {\"id\":\"17\",\"settings\":{\"layout\":{\"labelPlacement\":\"top\",\"asteriskPlacement\":\"asterisk-right\",\"helpMessagePlacement\":\"with_label\",\"errorMessagePlacement\":\"inline\",\"cssClassName\":\"\"},\"restrictions\":{\"denyEmptySubmission\":{\"enabled\":false}}},\"form_instance\":\"ff_form_instance_17_1\",\"form_id_selector\":\"fluentform_17\",\"rules\":{\"input_text\":{\"required\":{\"value\":false,\"message\":\"T\\u00e4m\\u00e4 kentt\\u00e4 on pakollinen\",\"global_message\":\"T\\u00e4m\\u00e4 kentt\\u00e4 on pakollinen\",\"global\":true}},\"input_text_1\":{\"required\":{\"value\":false,\"message\":\"T\\u00e4m\\u00e4 kentt\\u00e4 on pakollinen\",\"global_message\":\"T\\u00e4m\\u00e4 kentt\\u00e4 on pakollinen\",\"global\":true}},\"email\":{\"required\":{\"value\":true,\"message\":\"This field is required\",\"global_message\":\"T\\u00e4m\\u00e4 kentt\\u00e4 on pakollinen\",\"global\":false},\"email\":{\"value\":true,\"message\":\"This field must contain a valid email\",\"global_message\":\"Tarkista s\\u00e4hk\\u00f6postin muoto\",\"global\":false}},\"input_text_2\":{\"required\":{\"value\":true,\"message\":\"This field is required\",\"global_message\":\"T\\u00e4m\\u00e4 kentt\\u00e4 on pakollinen\",\"global\":false}},\"input_text_3\":{\"required\":{\"value\":false,\"message\":\"T\\u00e4m\\u00e4 kentt\\u00e4 on pakollinen\",\"global_message\":\"T\\u00e4m\\u00e4 kentt\\u00e4 on pakollinen\",\"global\":true}},\"multi_select\":{\"required\":{\"value\":false,\"message\":\"T\\u00e4m\\u00e4 kentt\\u00e4 on pakollinen\",\"global_message\":\"T\\u00e4m\\u00e4 kentt\\u00e4 on pakollinen\",\"global\":true}},\"file-upload\":{\"required\":{\"value\":false,\"message\":\"T\\u00e4m\\u00e4 kentt\\u00e4 on pakollinen\",\"global_message\":\"T\\u00e4m\\u00e4 kentt\\u00e4 on pakollinen\",\"global\":true},\"max_file_size\":{\"value\":3145728,\"_valueFrom\":\"MB\",\"message\":\"Maximum file size limit is 3MB\",\"global_message\":\"Validation fails for maximum file size\",\"global\":false},\"max_file_count\":{\"value\":\"5\",\"message\":\"You can upload maximum 5 files\",\"global_message\":\"Validation fails for maximum file count\",\"global\":false},\"allowed_file_types\":{\"value\":[\"jpg|jpeg|gif|png|bmp\",\"pdf\",\"doc|ppt|pps|xls|mdb|docx|xlsx|pptx|odt|odp|ods|odg|odc|odb|odf|rtf|txt\"],\"message\":\"Invalid file type\",\"global_message\":\"Tiedostotyyppi ei kelpaa\",\"global\":false}},\"description\":{\"required\":{\"value\":true,\"message\":\"This field is required\",\"global_message\":\"T\\u00e4m\\u00e4 kentt\\u00e4 on pakollinen\",\"global\":false}}},\"debounce_time\":300};\n                            <\/script>\n            \n\n\n\t\t<\/div>\n\t\t\t\t\t<\/div>\n\n\t\n\n\n<style>\n#row-986684051 > .col > .col-inner {\n  padding: 0px 0px 0px 0px;\n}\n<\/style>\n<\/div>\n\n\t\t<\/div>\n\n\t\t\n<style>\n#section_1499457309 {\n  padding-top: 60px;\n  padding-bottom: 60px;\n}\n<\/style>\n\t<\/section>\n\t\n\n","protected":false},"excerpt":{"rendered":"","protected":false},"author":2,"featured_media":0,"parent":0,"menu_order":0,"comment_status":"closed","ping_status":"closed","template":"page-blank.php","meta":{"footnotes":""},"class_list":["post-5588","page","type-page","status-publish","hentry"],"yoast_head":"<!-- This site is optimized with the Yoast SEO plugin v27.3 - https:\/\/yoast.com\/product\/yoast-seo-wordpress\/ -->\n<title>Request for quotation - OT-Control Oy<\/title>\n<meta name=\"description\" content=\"Leave at least your phone number, and we\u2019ll call you to explain how our intelligent solutions can boost your production efficiency.\" \/>\n<meta name=\"robots\" content=\"index, follow, max-snippet:-1, max-image-preview:large, max-video-preview:-1\" \/>\n<link rel=\"canonical\" href=\"https:\/\/www.ot-control.com\/en\/request-for-quotation\/\" \/>\n<meta property=\"og:locale\" content=\"en_US\" \/>\n<meta property=\"og:type\" content=\"article\" \/>\n<meta property=\"og:title\" content=\"Request for quotation - OT-Control Oy\" \/>\n<meta property=\"og:description\" content=\"Leave at least your phone number, and we\u2019ll call you to explain how our intelligent solutions can boost your production efficiency.\" \/>\n<meta property=\"og:url\" content=\"https:\/\/www.ot-control.com\/en\/request-for-quotation\/\" \/>\n<meta property=\"og:site_name\" content=\"OT-Control Oy\" \/>\n<meta property=\"article:modified_time\" content=\"2026-01-02T12:57:06+00:00\" \/>\n<meta property=\"og:image\" content=\"https:\/\/www.ot-control.com\/wp-content\/uploads\/2025\/05\/OT_Control_hero.jpg\" \/>\n\t<meta property=\"og:image:width\" content=\"2000\" \/>\n\t<meta property=\"og:image:height\" content=\"625\" \/>\n\t<meta property=\"og:image:type\" content=\"image\/jpeg\" \/>\n<meta name=\"twitter:card\" content=\"summary_large_image\" \/>\n<script type=\"application\/ld+json\" class=\"yoast-schema-graph\">{\"@context\":\"https:\\\/\\\/schema.org\",\"@graph\":[{\"@type\":\"WebPage\",\"@id\":\"https:\\\/\\\/www.ot-control.com\\\/en\\\/request-for-quotation\\\/\",\"url\":\"https:\\\/\\\/www.ot-control.com\\\/en\\\/request-for-quotation\\\/\",\"name\":\"Request for quotation - OT-Control Oy\",\"isPartOf\":{\"@id\":\"https:\\\/\\\/www.ot-control.com\\\/en\\\/#website\"},\"datePublished\":\"2025-01-10T13:14:14+00:00\",\"dateModified\":\"2026-01-02T12:57:06+00:00\",\"description\":\"Leave at least your phone number, and we\u2019ll call you to explain how our intelligent solutions can boost your production efficiency.\",\"breadcrumb\":{\"@id\":\"https:\\\/\\\/www.ot-control.com\\\/en\\\/request-for-quotation\\\/#breadcrumb\"},\"inLanguage\":\"en-US\",\"potentialAction\":[{\"@type\":\"ReadAction\",\"target\":[\"https:\\\/\\\/www.ot-control.com\\\/en\\\/request-for-quotation\\\/\"]}]},{\"@type\":\"BreadcrumbList\",\"@id\":\"https:\\\/\\\/www.ot-control.com\\\/en\\\/request-for-quotation\\\/#breadcrumb\",\"itemListElement\":[{\"@type\":\"ListItem\",\"position\":1,\"name\":\"Etusivu\",\"item\":\"https:\\\/\\\/www.ot-control.com\\\/en\\\/\"},{\"@type\":\"ListItem\",\"position\":2,\"name\":\"Request for quotation\"}]},{\"@type\":\"WebSite\",\"@id\":\"https:\\\/\\\/www.ot-control.com\\\/en\\\/#website\",\"url\":\"https:\\\/\\\/www.ot-control.com\\\/en\\\/\",\"name\":\"OT-Control Oy\",\"description\":\"\u00c4lykk\u00e4it\u00e4 automaatioratkaisuja tuotantoprosesseihin\",\"potentialAction\":[{\"@type\":\"SearchAction\",\"target\":{\"@type\":\"EntryPoint\",\"urlTemplate\":\"https:\\\/\\\/www.ot-control.com\\\/en\\\/?s={search_term_string}\"},\"query-input\":{\"@type\":\"PropertyValueSpecification\",\"valueRequired\":true,\"valueName\":\"search_term_string\"}}],\"inLanguage\":\"en-US\"}]}<\/script>\n<!-- \/ Yoast SEO plugin. -->","yoast_head_json":{"title":"Request for quotation - OT-Control Oy","description":"Leave at least your phone number, and we\u2019ll call you to explain how our intelligent solutions can boost your production efficiency.","robots":{"index":"index","follow":"follow","max-snippet":"max-snippet:-1","max-image-preview":"max-image-preview:large","max-video-preview":"max-video-preview:-1"},"canonical":"https:\/\/www.ot-control.com\/en\/request-for-quotation\/","og_locale":"en_US","og_type":"article","og_title":"Request for quotation - OT-Control Oy","og_description":"Leave at least your phone number, and we\u2019ll call you to explain how our intelligent solutions can boost your production efficiency.","og_url":"https:\/\/www.ot-control.com\/en\/request-for-quotation\/","og_site_name":"OT-Control Oy","article_modified_time":"2026-01-02T12:57:06+00:00","og_image":[{"width":2000,"height":625,"url":"https:\/\/www.ot-control.com\/wp-content\/uploads\/2025\/05\/OT_Control_hero.jpg","type":"image\/jpeg"}],"twitter_card":"summary_large_image","schema":{"@context":"https:\/\/schema.org","@graph":[{"@type":"WebPage","@id":"https:\/\/www.ot-control.com\/en\/request-for-quotation\/","url":"https:\/\/www.ot-control.com\/en\/request-for-quotation\/","name":"Request for quotation - OT-Control Oy","isPartOf":{"@id":"https:\/\/www.ot-control.com\/en\/#website"},"datePublished":"2025-01-10T13:14:14+00:00","dateModified":"2026-01-02T12:57:06+00:00","description":"Leave at least your phone number, and we\u2019ll call you to explain how our intelligent solutions can boost your production efficiency.","breadcrumb":{"@id":"https:\/\/www.ot-control.com\/en\/request-for-quotation\/#breadcrumb"},"inLanguage":"en-US","potentialAction":[{"@type":"ReadAction","target":["https:\/\/www.ot-control.com\/en\/request-for-quotation\/"]}]},{"@type":"BreadcrumbList","@id":"https:\/\/www.ot-control.com\/en\/request-for-quotation\/#breadcrumb","itemListElement":[{"@type":"ListItem","position":1,"name":"Etusivu","item":"https:\/\/www.ot-control.com\/en\/"},{"@type":"ListItem","position":2,"name":"Request for quotation"}]},{"@type":"WebSite","@id":"https:\/\/www.ot-control.com\/en\/#website","url":"https:\/\/www.ot-control.com\/en\/","name":"OT-Control Oy","description":"\u00c4lykk\u00e4it\u00e4 automaatioratkaisuja tuotantoprosesseihin","potentialAction":[{"@type":"SearchAction","target":{"@type":"EntryPoint","urlTemplate":"https:\/\/www.ot-control.com\/en\/?s={search_term_string}"},"query-input":{"@type":"PropertyValueSpecification","valueRequired":true,"valueName":"search_term_string"}}],"inLanguage":"en-US"}]}},"_links":{"self":[{"href":"https:\/\/www.ot-control.com\/en\/wp-json\/wp\/v2\/pages\/5588","targetHints":{"allow":["GET"]}}],"collection":[{"href":"https:\/\/www.ot-control.com\/en\/wp-json\/wp\/v2\/pages"}],"about":[{"href":"https:\/\/www.ot-control.com\/en\/wp-json\/wp\/v2\/types\/page"}],"author":[{"embeddable":true,"href":"https:\/\/www.ot-control.com\/en\/wp-json\/wp\/v2\/users\/2"}],"replies":[{"embeddable":true,"href":"https:\/\/www.ot-control.com\/en\/wp-json\/wp\/v2\/comments?post=5588"}],"version-history":[{"count":2,"href":"https:\/\/www.ot-control.com\/en\/wp-json\/wp\/v2\/pages\/5588\/revisions"}],"predecessor-version":[{"id":5616,"href":"https:\/\/www.ot-control.com\/en\/wp-json\/wp\/v2\/pages\/5588\/revisions\/5616"}],"wp:attachment":[{"href":"https:\/\/www.ot-control.com\/en\/wp-json\/wp\/v2\/media?parent=5588"}],"curies":[{"name":"wp","href":"https:\/\/api.w.org\/{rel}","templated":true}]}}